{"id":4448,"date":"2022-01-23T09:55:34","date_gmt":"2022-01-23T08:55:34","guid":{"rendered":"https:\/\/magnetense.com\/?page_id=4448"},"modified":"2022-01-23T10:14:46","modified_gmt":"2022-01-23T09:14:46","slug":"informativa-cookies","status":"publish","type":"page","link":"https:\/\/magnetense.com\/it\/informativa-cookies\/","title":{"rendered":"Informativa Cookies"},"content":{"rendered":"\n<p><strong>Cookie Policy<br><\/strong>Ai sensi degli artt. 13 e 122 del D.Lgs. 196\/2003 (Codice della Privacy) ed in base a quanto previsto dal Provvedimento Generale del Garante della Privacy dell\u20198 maggio 2014, il presente documento ha lo scopo di fornire all\u2019utente informazioni relative ai cookie utilizzati da questo sito web.<\/p>\n\n\n\n<p><strong>Informativa sui cookies<br><\/strong><em>Il nostro sito web fa uso di cookie. Di seguito potrai trovare maggiori informazioni in merito ai cookie, a come vengono utilizzati nel nostro sito e a quali procedure di controllo adottiamo rispetto ai cookie stessi.<br><\/em>Proseguendo nella navigazione nel nostro sito web, tu acconsenti all\u2019utilizzo dei cookie, in conformit\u00e0 con la presente informativa. Se tu non sei d\u2019accordo all\u2019utilizzo dei cookie, ti invitiamo a disabilitarli seguendo le istruzioni di seguito riportate nella presente informativa, in modo tale che i cookie presenti sul nostro sito non vengano installati nel tuo dispositivo elettronico (PC, tablet,ecc.).<\/p>\n\n\n\n<h4 class=\"wp-block-heading\">1) Che cosa sono i cookie?<\/h4>\n\n\n\n<p><br>I cookie sono piccoli files di testo che vengono inviati sul tuo dispositivo elettronico (PC, tablet, ecc..) durante la navigazione in un sito web. I cookie vengono poi rinviati al sito web di origine nel corso di ogni successiva navigazione, oppure vengono inviati ad un diverso sito web che sia in grado di riconoscere quello specifico cookie (cd \u201cCookie di terze parti\u201d), questo perch\u00e9 sul sito che si sta navigando possono essere presenti elementi (immagini, mappe, suoni, pulsanti di share, ecc.) che risiedono su server diversi da quello del sito visitato. I cookie agiscono come una memoria per un sito web, consentendo che il sito web riconosca il tuo device ad ogni tua visita successiva a quel medesimo sito. I cookie sono usati per differenti finalit\u00e0: esecuzione di autenticazioni informatiche, monitoraggio di sessioni, memorizzazione di informazioni su specifiche configurazioni riguardanti gli utenti che accedono al server, memorizzazione delle preferenze<br>Potrai trovare maggiori informazioni sui cookie, incluso come \u00e8 possibile capire che cosa i cookie abbiano impostato sul tuo device, e come \u00e8 possibile gestirli ed eliminarli, accedendo al seguente link www.aboutcookies.org<\/p>\n\n\n\n<h4 class=\"wp-block-heading\">2) Tipologie di Cookies utilizzati<\/h4>\n\n\n\n<p><em>A seguire i vari tipi di cookie utilizzati in funzione delle finalit\u00e0 d\u2019uso<\/em><\/p>\n\n\n\n<p><strong>a) Cookie tecnici<br><\/strong>Questa tipologia di cookie permette il corretto funzionamento di alcune sezioni del Sito. Sono di due categorie: persistenti (una volta chiuso il browser non vengono distrutti ma rimangono fino ad una data di scadenza preimpostata) e di sessione (vengono cancellati ogni volta che il browser viene chiuso). Questi cookie, sono necessari quindi a visualizzare correttamente il sito e sono solo in relazione ai servizi tecnici offerti e verranno quindi sempre utilizzati e inviati, a meno che non si modifichi le impostazioni nel proprio browser. Ai sensi dell\u2019art. 122 del Codice della Privacy e del Provvedimento del Garante per la Protezione dei Dati Personali dell\u20198.5.2014, non \u00e8 richiesto alcun consenso da parte dell\u2019interessato per i cookie tecnici proprio perch\u00e9 sono i cookie che servono a effettuare la navigazione o a fornire un servizio richiesto dall\u2019utente o di funzionalit\u00e0, permettendo al sito di ricordare le scelte che un utente fa (come ad esempio la username, la lingua o la regione di appartenenza). Non vengono utilizzati per scopi ulteriori.<\/p>\n\n\n\n<p><strong>b) Cookie analitici di terze parti (Google Analytics) anonimizzati\u2013 inviati da domini di terze parti.<br><\/strong>Il sito include anche talune componenti trasmesse da Google Analytics, un servizio di analisi del traffico web fornito da Google, Inc. (\u201cGoogle\u201d). Si tratta di cookie di terze parti raccolti e gestiti in modo anonimo per monitorare e migliorare le prestazioni del sito ospite (performance cookie). Google Analytics utilizza i \u201ccookie\u201d per raccogliere e analizzare in forma anonima le informazioni sui comportamenti di utilizzo del sito (compreso l\u2019indirizzo IP dell\u2019utente). Tali informazioni vengono raccolte da Google Analytics, che le elabora allo scopo di redigere report per i gestori del sito riguardanti le attivit\u00e0 sul sito web stessi. Questo sito non utilizza (e non consente a terzi di utilizzare) lo strumento di analisi di Google per monitorare o per raccogliere informazioni personali di identificazione. Google non associa l\u2019indirizzo IP a nessun altro dato posseduto da Google n\u00e9 cerca di collegare un indirizzo IP con l\u2019identit\u00e0 di un utente. Google pu\u00f2 anche comunicare queste informazioni a terzi ove ci\u00f2 sia imposto dalla legge o laddove tali terzi trattino le suddette informazioni per conto di Google.<br>Per ulteriori informazioni, si rinvia a questo link: https:\/\/www.google.it\/policies\/privacy\/partners\/<\/p>\n\n\n\n<p>L\u2019utente pu\u00f2 disabilitare in modo selettivo l\u2019azione di Google Analytics installando sul proprio browser la componente di opt-out fornito da Google. Per disabilitare l\u2019azione di Google Analytics, si rinvia a questo link: https:\/\/tools.google.com\/dlpage\/gaoptout<\/p>\n\n\n\n<p><strong>d) Cookie per integrare prodotti e funzioni di software di terze parti<br><\/strong>Questa tipologia di cookie integra funzionalit\u00e0 sviluppate da terzi all\u2019interno delle pagine del nostro sito come le icone social, i video, le mappe interattive e le preferenze espresse nei social network al fine di condivisione dei contenuti del sito o per l\u2019uso di servizi software di terze parti (come i software per generare le mappe e ulteriori software che offrono servizi aggiuntivi). Questi cookie sono inviati da domini di terze parti e da siti partner che offrono le loro funzionalit\u00e0 tra le pagine del Sito.<\/p>\n\n\n\n<p><strong>3) Cookie di profilazione \u2013 Il nostro sito non utilizza cookie di profilazione<br><\/strong>Sono i cookie utilizzati per tracciare la navigazione dell\u2019utente in rete e creare profili sui suoi gusti, abitudini, scelte, ecc. Con questi cookie possono essere trasmessi al terminale dell\u2019utente messaggi pubblicitari in linea con le preferenze gi\u00e0 manifestate dallo stesso utente nella navigazione online.<\/p>\n\n\n\n<p><strong>4) Cookie di Targeting o advertising \u2013 Il nostro sito non utilizza cookie di Targeting<br><\/strong>Cookie che sono utilizzati per promuovere servizi considerati importanti per l\u2019utente e vicini ai suoi interessi. Questi cookie sono utilizzati anche per limitare il numero di volte in cui un utente visiona una promozione pubblicitaria e per misurare l\u2019efficacia di una campagna pubblicitaria<\/p>\n\n\n\n<p><strong>5) Consenso<br><\/strong>Il nostro sito secondo la normativa vigente, non \u00e8 tenuto a chiedere consenso per i cookie tecnici e analitici interni o di terze parti in forma anonima, in quanto necessari a fornire i servizi richiesti. Per tutte le altre tipologie di cookie il consenso pu\u00f2 essere espresso dall\u2019Utente con una o pi\u00f9 di una delle seguenti modalit\u00e0:<\/p>\n\n\n\n<p>a) Mediante specifiche configurazioni del browser utilizzato o dei relativi programmi informatici utilizzati per navigare le pagine che compongono il Sito (vedi punto 8).<br>b) Mediante modifica delle impostazioni nell\u2019uso dei servizi di terze parti (vedi punto 7)<br>Entrambe queste soluzioni potrebbero impedire all\u2019utente di utilizzare o visualizzare parti del Sito.<\/p>\n\n\n\n<p><strong>6) Elenco cookies tecnici<\/strong><\/p>\n\n\n\n<figure class=\"wp-block-table\"><table><tbody><tr><td><strong>Nome<\/strong><\/td><td><strong>Scopo<\/strong><\/td><td><strong>Scadenza<\/strong><\/td><\/tr><tr><td>_icl_current_language<\/td><td>tiene traccia della lingua visualizzata dall\u2019utente<\/td><td>1 giorno<\/td><\/tr><tr><td>_icl_visitor_lang_js<\/td><td>tiene traccia della lingua visualizzata dall\u2019utente 1 giorno<\/td><td>1 giorno<\/td><\/tr><tr><td>viewed_cookie_policy<\/td><td>tiene traccia dell\u2019accettazione sull\u2019utilizzo dei cookie<\/td><td>1 anno<\/td><\/tr><\/tbody><\/table><\/figure>\n\n\n\n<p><br><strong>7) Elenco cookies di Terze Parti<br><\/strong>Il nostro sito web pu\u00f2 consentire che cookie di Terze Parti siano impostati in servizi in esso presenti. Questi cookie non sono sotto il nostro controllo, ne vengono da noi letti ed utilizzati. Per ulteriori informazioni su come la Terza Parte utilizza i cookie, si consiglia di visitare il sito web della Terza Parte. Maggiori informazioni in merito ai cookie di Terze Parti utilizzati sul nostro sito web, con la descrizione delle finalit\u00e0 perseguite, sono riportate nell\u2019elenco seguente.<\/p>\n\n\n\n<figure class=\"wp-block-table\"><table><tbody><tr><td><strong>Nome<\/strong><\/td><td><strong>Scopo<\/strong><\/td><td><strong>Scadenza<\/strong><\/td><\/tr><tr><td>Aweber<\/td><td>Raccogliere gli indirizzi email delle persone interessate al servizio<\/td><td>1 anno<\/td><\/tr><tr><td>Google Ads<\/td><td>Fornire annunci pubblicitari correlati in caso di interesse da parte dell\u2019utente<\/td><td>3 mesi<\/td><\/tr><tr><td>HotJar<\/td><td>Analizzare in maniera anonima il comportamento dell\u2019utente di modo da migliorare in seguito la qualit\u00e0 della navigazione<\/td><td>6 mesi<\/td><\/tr><tr><td>Join Chat<\/td><td>Permettere la comunicazione diretta con l\u2019utente<\/td><td>3 mesi<\/td><\/tr><tr><td>Facebook Pixel<\/td><td>Fornire annunci pubblicitari correlati in caso di interesse da parte dell\u2019utente<\/td><td>1 anno<\/td><\/tr><\/tbody><\/table><\/figure>\n\n\n\n<p><strong>Analitici (Google Analytics)<\/strong><\/p>\n\n\n\n<figure class=\"wp-block-table\"><table><tbody><tr><td><strong>Nome<\/strong><\/td><td><strong>Scopo<\/strong><\/td><td><strong>Scadenza<\/strong><\/td><\/tr><tr><td>_atuvc<\/td><td>Aggiorna il contatore sulla funzione di condivisione social su un sito web<\/td><td>2 anni<\/td><\/tr><tr><td>_atuvs<\/td><td>Aggiorna il contatore sulla funzione di condivisione social su un sito web<\/td><td>2 anni<\/td><\/tr><tr><td>_utma<\/td><td>Determina i visitatori unici<\/td><td>1 minuto<\/td><\/tr><tr><td>_utmb<\/td><td>Determina se stabilire o meno una nuova sessione per l\u2019utente<\/td><td>Sessione<\/td><\/tr><tr><td>_utmc<\/td><td>Determina se stabilire o meno una nuova sessione per l\u2019utente<\/td><td>Sessione<\/td><\/tr><tr><td>_utmt<\/td><td>Determina il tipo di richiesta<\/td><td>1 minuto<\/td><\/tr><tr><td>_utmz<\/td><td>Determina la provenienza del visitatore (quale motore di ricerca \u00e8 stato usato, le parole chiave ricercate o il link di provenienza).<\/td><td>6 mesi<\/td><\/tr><tr><td>_ga<\/td><td>Usato da Google per distinguere utenti unici<\/td><td>2 anni<\/td><\/tr><tr><td>_gat<\/td><td>Usato da Google Universal Analytics per monitorare e tenere traccia del comportamento dei visitatori sul sito in modo anonimo.<\/td><td>1 minuto<\/td><\/tr><\/tbody><\/table><figcaption>Informativa \u2013 http:\/\/www.google.com\/policies\/privacy\/<\/figcaption><\/figure>\n\n\n\n<p><\/p>\n\n\n\n<p><strong>Youtube (Google<\/strong>) \u2013 Cookie inseriti e letti da YouTube, LLC. YouTube inserisce questi cookie quando guardate un video di YouTube attraverso il nostro sito web.<br><\/p>\n\n\n\n<figure class=\"wp-block-table\"><table><tbody><tr><td><strong>Nome<\/strong><\/td><td><strong>Scopo<\/strong><\/td><td><strong>Scadenza<\/strong><\/td><\/tr><tr><td>YSC<\/td><td>Identificatore unico rilasciato al visitatore durante la visualizzazione di un video Sessione<\/td><td>1 anno<\/td><\/tr><tr><td>VISITOR_INFO1_LIVE<\/td><td>Ricorda lo stile dell\u2019interfaccia per il video YouTube <\/td><td>240 giorni<\/td><\/tr><tr><td>GEUP<\/td><td>Identificatore univoco assegnato a ogni computer per permettere a Google di tracciare i video di YouTube <\/td><td>2 anni<\/td><\/tr><tr><td>PREF<\/td><td>Identificatore univoco assegnato a ogni computer per permettere a Google di tracciare i video di YouTube <\/td><td>10 anni<\/td><\/tr><tr><td>GPS<\/td><td>Identificatore univoco assegnato a ogni dispositivo mobile per registrare la posizione GPS <\/td><td>30 minuti<\/td><\/tr><\/tbody><\/table><figcaption>Informativa: https:\/\/support.google.com\/youtube\/answer\/2407785?hl=it<\/figcaption><\/figure>\n\n\n\n<p><\/p>\n\n\n\n<p><strong>Mappa interattiva \u2013 Google Maps<br><\/strong>Memorizza le preferenze e le informazioni dell\u2019utente ogni volta che visita pagine web contenenti mappe geografiche di Google Maps cookie persistente24 mesi<br>Necessari al servizio di terze parti Google Map. Questi cookie sono usati da Google per memorizzare le preferenze e le informazioni dell\u2019utente ogni volta che visita pagine web contenenti mappe geografiche di Google Maps. Questi cookie contengono sufficienti informazioni per consentire il tracciamento. Sono usati solo nelle pagine in cui \u00e8 presente Google maps.<\/p>\n\n\n\n<figure class=\"wp-block-table\"><table><tbody><tr><td><strong>Nome<\/strong><\/td><td><strong>Scopo<\/strong><\/td><td><strong>Scadenza<\/strong><\/td><\/tr><tr><td>APISID<\/td><td>Memorizza le preferenze e le informazioni dell\u2019utente ogni volta che visita pagine web contenenti mappe geografiche di Google Maps <\/td><td>cookie persistente<\/td><\/tr><tr><td>GMAIL_RTT<\/td><td>Cookie relativo a servizi di Google (come Google Maps o Gmail) <\/td><td>cookie di sessione<\/td><\/tr><tr><td>HSID<\/td><td>GoogleAccountsLocale_session Cookie che abilita funzionalit\u00e0 di Google Maps <\/td><td>cookie di sessione<\/td><\/tr><tr><td>NID<\/td><td>Memorizza le preferenze e le informazioni dell\u2019utente ogni volta che visita pagine web contenenti mappe geografiche di Google Maps cookie persistente <\/td><td>24 mesi<\/td><\/tr><tr><td>OGPC<\/td><td>Memorizza le preferenze e le informazioni dell\u2019utente ogni volta che visita pagine web contenenti mappe geografiche di Google Maps <\/td><td>6 mesi<\/td><\/tr><tr><td>PREF<\/td><td>Memorizza le preferenze e le informazioni dell\u2019utente ogni volta che visita pagine web contenenti mappe geografiche di Google Maps <\/td><td>1 mese<\/td><\/tr><tr><td>SAPISID<\/td><td>Memorizza le preferenze e le informazioni dell\u2019utente ogni volta che visita pagine web contenenti mappe geografiche di Google Maps<\/td><td>24 mesi<\/td><\/tr><tr><td>SID<\/td><td>Memorizza le preferenze e le informazioni dell\u2019utente ogni volta che visita pagine web contenenti mappe geografiche di Google Maps <\/td><td>cookie persistente24 mesi<\/td><\/tr><tr><td>SSID<\/td><td>Ricorda le preferenze di settaggio dell\u2019utente (per esempio livello di zoom impostato) <\/td><td>cookie persistente24 mesi<\/td><\/tr><\/tbody><\/table><figcaption>Informativa generale dei Servizi di Google: http:\/\/www.google.es\/intl\/it_it\/policies\/technologies\/types\/<\/figcaption><\/figure>\n\n\n\n<p><strong>8) Altri cookie<br><\/strong>Considerando il funzionamento di Internet e dei siti Web, non sempre siamo in grado di controllare i cookie che vengono memorizzati da terze parti attraverso il nostro sito Web. Questo vale soprattutto nei casi in cui la pagina Web contenga i cosiddetti elementi incorporati: testi, documenti, immagini o brevi filmati che sono archiviati altrove, ma vengono visualizzati nel o attraverso il nostro sito Web. Di conseguenza, qualora nel sito Web venisse rilevato un cookie di questo tipo non presente nell\u2019elenco fornito, vi preghiamo di comunicarcelo. In alternativa, potete contattare direttamente le terze parti interessate e chiedere informazioni sui cookie che inviano, a quali scopi, qual \u00e8 la loro durata e come garantiscono la privacy degli utenti.<\/p>\n\n\n\n<p><strong>9) Come disabilitare i cookie mediante configurazione del browser<br><\/strong>La maggior parte dei web browser accetta i cookie, ma tu puoi solitamente modificare le impostazioni del web browser in modo da rifiutare i cookie, disabilitare quelli esistenti o semplicemente essere informato quando un nuovo cookie viene inviato al tuo device.<br>Per fare in modo che il tuo browser rigetti i cookie, fai riferimento alle istruzioni fornite dal provider del browser (solitamente all\u2019interno del men\u00f9 \u201cAiuto\u201d, \u201cStrumenti\u201d o \u201cModifica\u201d) . Una guida maggiormente dettagliata pu\u00f2 essere trovata al sito web www.aboutcookies.org<br>Fai attenzione che, se tu rifiuti o disabiliti i cookie, alcune delle funzionalit\u00e0 del sito web possono andare perse. Inoltre, disabilitando i cookie o categorie di cookie il cookie gi\u00e0 presente non viene eliminato dal tuo browser. Dovrai eliminarlo tramite il tuo browser.<br>L\u2019impostazione pu\u00f2 essere definita in modo specifico per i diversi siti e applicazioni web. Inoltre i migliori browser consentono di definire impostazioni diverse per i cookie \u201cproprietari\u201d e per quelli di \u201cterze parti\u201d.<br>A titolo di esempio, in Firefox, attraverso il menu Strumenti-&gt;Opzioni -&gt;Privacy, \u00e8 possibile accedere ad un pannello di controllo dove \u00e8 possibile definire se accettare o meno i diversi tipi di cookie e procedere alla loro rimozione.<br>Chrome: https:\/\/support.google.com\/chrome\/answer\/95647<br>Firefox: https:\/\/support.mozilla.org\/kb\/Gestione%20dei%20cookie<br>Internet Explorer: http:\/\/windows.microsoft.com\/it-it\/internet-explorer\/delete-manage-cookies<br>Opera: http:\/\/help.opera.com\/Windows\/10.00\/it\/cookies.html<br>Safari: https:\/\/support.apple.com\/HT201265<\/p>\n\n\n\n<p>Per eliminare i cookie dal browser Internet del proprio smartphone\/tablet, \u00e8 necessario fare riferimento al manuale d\u2019uso del dispositivo.<\/p>\n\n\n\n<p><strong>Modifiche nel nostro uso dei cookie<br><\/strong>Ogni modifica all\u2019uso dei cookie per questo sito web sar\u00e0 pubblicata qui, e, se necessario, sar\u00e0 segnalata nelle sezioni opportune del nostro sito web evidenziando ogni modifica.<\/p>\n\n\n\n<p><strong>Contatti<\/strong><br>Per qualunque informazione in merito alla presente informativa, contattaci al seguente indirizzo e-mail che trovate in calce al sito.<\/p>\n\n\n\n<p>Questa pagina \u00e8 visibile, mediante link in calce in tutte le pagine del sito ai sensi dell\u2019art. 122 secondo comma del D.lgs. 196\/2003 e a seguito delle modalit\u00e0 semplificate per l\u2019informativa e l\u2019acquisizione del consenso per l\u2019uso dei cookie pubblicata sulla Gazzetta Ufficiale n.126 del 3 giugno 2014 e relativo registro dei provvedimenti n.229 dell\u20198 maggio 2014.<\/p>\n","protected":false},"excerpt":{"rendered":"<p>Cookie PolicyAi sensi degli artt. 13 e 122 del D.Lgs. 196\/2003 (Codice della Privacy) ed in base a quanto previsto dal Provvedimento Generale del Garante della Privacy dell\u20198 maggio 2014, il presente documento ha lo scopo di fornire all\u2019utente informazioni relative ai cookie utilizzati da questo sito web. Informativa sui cookiesIl nostro sito web fa &hellip;<\/p>\n<p class=\"read-more\"> <a class=\"\" href=\"https:\/\/magnetense.com\/it\/informativa-cookies\/\"> <span class=\"screen-reader-text\">Informativa Cookies<\/span> Leggi altro &raquo;<\/a><\/p>\n","protected":false},"author":1,"featured_media":0,"parent":0,"menu_order":0,"comment_status":"closed","ping_status":"closed","template":"","meta":{"footnotes":"","_joinchat":[]},"_links":{"self":[{"href":"https:\/\/magnetense.com\/it\/wp-json\/wp\/v2\/pages\/4448\/"}],"collection":[{"href":"https:\/\/magnetense.com\/it\/wp-json\/wp\/v2\/pages\/"}],"about":[{"href":"https:\/\/magnetense.com\/it\/wp-json\/wp\/v2\/types\/page\/"}],"author":[{"embeddable":true,"href":"https:\/\/magnetense.com\/it\/wp-json\/wp\/v2\/users\/1\/"}],"replies":[{"embeddable":true,"href":"https:\/\/magnetense.com\/it\/wp-json\/wp\/v2\/comments\/?post=4448"}],"version-history":[{"count":3,"href":"https:\/\/magnetense.com\/it\/wp-json\/wp\/v2\/pages\/4448\/revisions\/"}],"predecessor-version":[{"id":4453,"href":"https:\/\/magnetense.com\/it\/wp-json\/wp\/v2\/pages\/4448\/revisions\/4453\/"}],"wp:attachment":[{"href":"https:\/\/magnetense.com\/it\/wp-json\/wp\/v2\/media\/?parent=4448"}],"curies":[{"name":"wp","href":"https:\/\/api.w.org\/{rel}","templated":true}]}}