{"id":18,"date":"2016-01-14T12:48:38","date_gmt":"2016-01-14T11:48:38","guid":{"rendered":"http:\/\/magnetense.com\/?page_id=18"},"modified":"2022-10-20T15:33:43","modified_gmt":"2022-10-20T13:33:43","slug":"azienda","status":"publish","type":"page","link":"https:\/\/magnetense.com\/it\/azienda\/","title":{"rendered":"Azienda"},"content":{"rendered":"<section class=\"wpb-content-wrapper\"><p>[vc_row][vc_column][\/vc_column][\/vc_row][vc_row][vc_column][vc_tta_tour style=&#8221;flat&#8221; shape=&#8221;square&#8221; color=&#8221;sky&#8221; active_section=&#8221;1&#8243; no_fill_content_area=&#8221;true&#8221;][vc_tta_section title=&#8221;CHI SIAMO&#8221; tab_id=&#8221;chi-siamo&#8221;][vc_column_text]<\/p>\n<h2 style=\"text-align: center;\"><strong><span style=\"color: #c70000;\"><span style=\"caret-color: #c70000;\">In un sistema magnetico, l&#8217;efficienza e ci\u00f2 che pi\u00f9 conta<\/span><\/span><\/strong><\/h2>\n<h4><\/h4>\n<h4><\/h4>\n<h4><strong>Magnetense<\/strong> \u00e8 un\u2019azienda di <strong>consulenza tecnica, produzione di magneti in ferrite e neodimio e costruzione di sistemi magnetici<\/strong> per la separazione magnetica per i settori industriali:<\/h4>\n<ul>\n<li>\n<h4>Minerario<\/h4>\n<\/li>\n<li>\n<h4>Molitorio<\/h4>\n<\/li>\n<li>\n<h4>Tessile<\/h4>\n<\/li>\n<li>\n<h4>Legno<\/h4>\n<\/li>\n<\/ul>\n<h4>Produciamo i magneti fra i pi\u00f9 potenti ed efficienti sul mercato e li applichiamo ai nostri sistemi magnetici.<\/h4>\n<h4>Negli ultimi anni abbiamo puntato molto sull&#8217;innovazione.<\/h4>\n<h4><\/h4>\n<h4>A differenza della precedenti generazioni di sistemi magnetici da noi proposte, oggi progettiamo e costruiamo sistemi magnetici di che vi possono garantire il 30% in pi\u00f9 di efficienza magnetica, sia in termini di campo magnetico espresso in gauss, sia in termini di efficienza dei materiali e, soprattutto, in termini di capacit\u00e0 di assorbimento del ferro.<\/h4>\n<h4>Per voi questo significa maggiori risultati, pi\u00f9 velocemente e con meno errori.<\/h4>\n<p>[\/vc_column_text][\/vc_tta_section][vc_tta_section title=&#8221;IN COSA SIAMO DIFFERENTI&#8221; tab_id=&#8221;differenza&#8221;][vc_column_text]<\/p>\n<h2 style=\"text-align: center;\"><strong><span style=\"color: #c70000;\">In sintesi: <\/span><\/strong><br \/>\n<span style=\"color: #c70000;\"><strong>produciamo i magneti fra i pi\u00f9 potenti ed efficienti sul mercato e li applichiamo ai nostri sistemi magnetici.<\/strong><\/span><\/h2>\n<p>&nbsp;<\/p>\n<h4>Sono pochissime le aziende nel nostro settore che operano sia come costruttori di materia prima che come costruttori di sistemi magnetici, avendo il <strong>controllo dell\u2019intero processo costruttivo.<\/strong><\/h4>\n<h4><strong>Noi siamo produttori di ferrite e neodimio ed applichiamo le nostre materie prime nei sistemi magnetici per la separazione magnetica.<\/strong><\/h4>\n<h4>La ricerca, lo sviluppo e la produzione di materie prime sono finalizzati alla costruzione di sistemi magnetici ad altissima efficienza.<\/h4>\n<h4><strong>Offriamo spesso consulenze tecniche ad aziende che hanno acquistato sistemi magnetici di basso profilo tecnico e<\/strong>\u00a0dobbiamo affrontare sempre gli stessi problemi:<\/h4>\n<h4><\/h4>\n<ul>\n<li>\n<h4><strong>strutture meccaniche esili;\u00a0<\/strong><\/h4>\n<\/li>\n<li>\n<h4><strong>prodotti standard che offrono performance magnetiche di bassissimo profilo (es. 9.000 gauss in campi dove sarebbe necessaria una potenza effettiva di 12.000 o 13.000 gauss.);<\/strong><\/h4>\n<\/li>\n<li>\n<h4><strong>utilizzo di materiali che non garantiscono il migliore sfruttamento del flusso magnetico effettivo.<\/strong><\/h4>\n<\/li>\n<\/ul>\n<h4><\/h4>\n<h4>Oltre al servizio di consulenza, <strong>il nostro obiettivo \u00e8 quello di fornire le migliori performance magnetiche alla nostra clientela.<\/strong><\/h4>\n<h4>Potenza ed efficienza per voi significano risultati.<\/h4>\n<h4>Per mantenere questa promessa, a differenza di un sistema magnetico standard, un sistema magnetico efficiente deve garantire:<\/h4>\n<ul>\n<li>\n<h4>Massima efficienza di separazione;<\/h4>\n<\/li>\n<li>\n<h4>progettazione in 3D per calcolare ogni singolo fattore dispersivo relativamente all\u2019efficienza;<\/h4>\n<\/li>\n<li>\n<h4>produzione del magnete applicato sui sistemi magnetici in modo da poterlo progettare, fin dall\u2019inizio, a questo scopo.<\/h4>\n<\/li>\n<\/ul>\n<h4><\/h4>\n<p>[\/vc_column_text][\/vc_tta_section][vc_tta_section title=&#8221;SERVIZI OFFERTI&#8221; tab_id=&#8221;servizi-offerti&#8221;][vc_column_text]<\/p>\n<h2 style=\"text-align: center;\"><strong><span style=\"color: #c70000;\">I nostri servizi offerti<\/span><\/strong><\/h2>\n<p>&nbsp;<\/p>\n<h4><\/h4>\n<ul>\n<li style=\"list-style-type: none;\">\n<ul>\n<li>\n<h4><strong>Rilevazioni e consulenze<\/strong> in campo per applicazioni e impianti;<\/h4>\n<p>&nbsp;<\/li>\n<li>\n<h4><strong>Progettazione in 3D <\/strong>dei sistemi e macchine magnetiche;<\/h4>\n<p>&nbsp;<\/li>\n<li>\n<h4><strong>Costruzione<\/strong> macchine e sistemi magnetici di nuova generazione;<\/h4>\n<\/li>\n<\/ul>\n<\/li>\n<\/ul>\n<p>[\/vc_column_text][\/vc_tta_section][vc_tta_section title=&#8221;I VANTAGGI PER VOI&#8221; tab_id=&#8221;vantaggi&#8221;][vc_column_text]<\/p>\n<h2 style=\"text-align: center;\"><strong><span style=\"color: #c70000;\">I vantaggi per voi<\/span><\/strong><\/h2>\n<p>&nbsp;<\/p>\n<h4><\/h4>\n<ul>\n<li style=\"list-style-type: none;\">\n<ul>\n<li>\n<h4><strong>I\u00a0nostri sistemi magnetici possono raggiungere un&#8217;ottima efficienza separazione.<\/strong><\/h4>\n<h4><\/h4>\n<\/li>\n<li>\n<h4><strong>Ingegneria di nuova generazione:<\/strong> superiamo i limiti dei sistemi magnetici di vecchia generazione e mettiamo al sicuro il vostro impianto.<\/h4>\n<h4><\/h4>\n<\/li>\n<li>\n<h4><strong>Grazie a strutture pi\u00f9 solide rispetto ai nostri precedenti sistemi magnetici,<\/strong>\u00a0i nostri sistemi dimostrano una maggiore resistenza all\u2019usura con un peso inferiore;<\/h4>\n<h4><\/h4>\n<\/li>\n<\/ul>\n<ul>\n<li>\n<h4><strong>Le nostre macchine rispettano le normative ATEX<\/strong> per le aree 21 e 22 in tuti settori dove sono richiesti criteri di sicurezza specifici<\/h4>\n<\/li>\n<\/ul>\n<\/li>\n<\/ul>\n<p>[\/vc_column_text][\/vc_tta_section][\/vc_tta_tour][\/vc_column][\/vc_row]<\/p>\n<\/section>","protected":false},"excerpt":{"rendered":"<p>[vc_row][vc_column][\/vc_column][\/vc_row][vc_row][vc_column][vc_tta_tour style=&#8221;flat&#8221; shape=&#8221;square&#8221; color=&#8221;sky&#8221; active_section=&#8221;1&#8243; no_fill_content_area=&#8221;true&#8221;][vc_tta_section title=&#8221;CHI SIAMO&#8221; tab_id=&#8221;chi-siamo&#8221;][vc_column_text] In un sistema magnetico, l&#8217;efficienza e ci\u00f2 che pi\u00f9 conta Magnetense \u00e8 un\u2019azienda di consulenza tecnica, produzione di magneti in ferrite e neodimio e costruzione di sistemi magnetici per la separazione magnetica per i settori industriali: Minerario Molitorio Tessile Legno Produciamo i magneti fra i pi\u00f9 &hellip;<\/p>\n<p class=\"read-more\"> <a class=\"\" href=\"https:\/\/magnetense.com\/it\/azienda\/\"> <span class=\"screen-reader-text\">Azienda<\/span> Leggi altro &raquo;<\/a><\/p>\n","protected":false},"author":1,"featured_media":0,"parent":0,"menu_order":0,"comment_status":"closed","ping_status":"closed","template":"","meta":{"footnotes":"","_joinchat":[]},"_links":{"self":[{"href":"https:\/\/magnetense.com\/it\/wp-json\/wp\/v2\/pages\/18\/"}],"collection":[{"href":"https:\/\/magnetense.com\/it\/wp-json\/wp\/v2\/pages\/"}],"about":[{"href":"https:\/\/magnetense.com\/it\/wp-json\/wp\/v2\/types\/page\/"}],"author":[{"embeddable":true,"href":"https:\/\/magnetense.com\/it\/wp-json\/wp\/v2\/users\/1\/"}],"replies":[{"embeddable":true,"href":"https:\/\/magnetense.com\/it\/wp-json\/wp\/v2\/comments\/?post=18"}],"version-history":[{"count":31,"href":"https:\/\/magnetense.com\/it\/wp-json\/wp\/v2\/pages\/18\/revisions\/"}],"predecessor-version":[{"id":4645,"href":"https:\/\/magnetense.com\/it\/wp-json\/wp\/v2\/pages\/18\/revisions\/4645\/"}],"wp:attachment":[{"href":"https:\/\/magnetense.com\/it\/wp-json\/wp\/v2\/media\/?parent=18"}],"curies":[{"name":"wp","href":"https:\/\/api.w.org\/{rel}","templated":true}]}}