{"id":1382,"date":"2019-01-21T11:46:21","date_gmt":"2019-01-21T10:46:21","guid":{"rendered":"https:\/\/magnetense.com\/?page_id=1382"},"modified":"2020-11-26T11:26:44","modified_gmt":"2020-11-26T10:26:44","slug":"barre-magnetiche","status":"publish","type":"page","link":"https:\/\/magnetense.com\/it\/barre-magnetiche\/","title":{"rendered":"Barre magnetiche"},"content":{"rendered":"<section class=\"wpb-content-wrapper\"><p>[vc_row][vc_column enable_animation=&#8221;true&#8221; animation=&#8221;pulse&#8221;][vc_column_text]<img decoding=\"async\" class=\"alignright wp-image-3268 size-full\" src=\"https:\/\/magnetense.com\/wp-content\/uploads\/2019\/07\/magnetense-telefono.png\" alt=\"\" width=\"272\" height=\"74\" \/>[\/vc_column_text][\/vc_column][\/vc_row][vc_row][vc_column][vc_column_text]<\/p>\n<h1 class=\"western\" align=\"CENTER\"><span style=\"color: #800e0e;\"><strong><span style=\"font-size: 28px; line-height: 1.3;\"><span style=\"font-family: Arial, sans-serif;\"><span style=\"font-size: 28px;\">Barre magnetiche per la separazione magnetica: i nostri modelli &#8220;Ro&#8221; (da 6.500 a 12.000 Gauss) e i nostri modelli &#8220;Fly&#8221; (fino a 14.000 Gauss: fra le\u00a0candele magnetiche pi\u00f9 potenti sul mercato) sono realizzati in neodimio ad altissimo grado con una struttura meccanica a fusione unica e priva di parti mobili occulte.<\/span><\/span><\/span><\/strong><\/span><\/h1>\n<p>&nbsp;<\/p>\n<h1 class=\"western\" align=\"CENTER\"><strong><span style=\"font-size: 28px; line-height: 1.3;\"><span style=\"font-family: Arial, sans-serif;\"><span style=\"font-size: 28px;\">Il vantaggio per Voi? Resistenza all&#8217;usura pi\u00f9 che raddoppiata rispetto a candele con parti mobile occulte (e sedimentazione batterica azzerata se le utilizzerete nel settore alimentare).<\/span><\/span><\/span><\/strong><\/h1>\n<p>[\/vc_column_text][vc_column_text][\/vc_column_text][vc_row_inner equal_height=&#8221;yes&#8221; content_placement=&#8221;middle&#8221;][vc_column_inner width=&#8221;1\/2&#8243;][vc_column_text]<span style=\"font-family: Times, serif;\"><span style=\"font-size: x-large; line-height: 1.5;\"><span style=\"color: #646464;\"><span style=\"font-family: Arial, sans-serif;\">Magnetense \u00e8 un\u2019azienda che da 20 anni si occupa di consulenza tecnica, produzione di magneti in ferrite, neodimio e costruzione di barre-candele magnetiche.<\/span><\/span><\/span><\/span><\/p>\n<p><strong><span style=\"color: #646464;\"><span style=\"font-family: Arial, sans-serif;\"><span style=\"font-size: x-large; line-height: 1.5;\">In sintesi:\u00a0<\/span><\/span><\/span><\/strong><strong><span style=\"color: #646464;\"><span style=\"font-family: Arial, sans-serif;\"><span style=\"font-size: x-large; line-height: 1.5;\">progettiamo e produciamo i magneti fra i pi\u00f9 potenti ed efficienti sul mercato e li applichiamo alle nostre barre magnetiche.<\/span><\/span><\/span><\/strong><\/p>\n<p><span style=\"color: #646464;\"><span style=\"font-family: Arial, sans-serif;\"><span style=\"font-size: x-large; line-height: 1.5;\">Sono pochissime le aziende nel nostro settore che operano sia come costruttori di materia prima che come costruttori di sistemi magnetici, avendo il pieno e assoluto controllo dell\u2019intero processo costruttivo, anche dal punto di vista dell&#8217;innovazione.<\/span><\/span><\/span>[\/vc_column_text][\/vc_column_inner][vc_column_inner width=&#8221;1\/2&#8243;][vc_single_image image=&#8221;1489&#8243; img_size=&#8221;500&#215;500&#8243; alignment=&#8221;center&#8221;][\/vc_column_inner][\/vc_row_inner][\/vc_column][\/vc_row][vc_row][vc_column][vc_column_text]<span style=\"color: #646464;\"><span style=\"font-family: Arial, sans-serif;\"><span style=\"font-size: x-large; line-height: 1.5;\">Il che non significa necessariamente che le nostre barre magnetiche non possano vantare un prezzo competitivo: possiamo permettercelo proprio perch\u00e9 ci occupiamo noi di tutto.<\/span><\/span><\/span><\/p>\n<p><span style=\"color: #646464;\"><span style=\"font-family: Times, serif;\"><span style=\"font-size: x-large; line-height: 1.5;\"><span style=\"font-family: Arial, sans-serif;\">Fra i sistemi magnetici che proponiamo spiccano, senza ombra di dubbio, le nostre\u00a0<\/span><strong><span style=\"font-family: Arial, sans-serif;\">barre magnetiche &#8220;Ro&#8221; e &#8220;Fly&#8221;\u00a0<\/span><\/strong><span style=\"font-family: Arial, sans-serif;\">che\u00a0<\/span><span style=\"font-family: Arial, sans-serif;\">rientrano fra i prodotti pi\u00f9 innovativi che possiamo offrire. sia dal punto di vista ingegneristico che della potenza magnetica.\u00a0<\/span><\/span><\/span><\/span>[\/vc_column_text][\/vc_column][\/vc_row][vc_row overlay=&#8221;true&#8221; overlay_color=&#8221;#bababa&#8221; top_padding=&#8221;0&#8243; bottom_padding=&#8221;0&#8243;][vc_column enable_animation=&#8221;true&#8221; animation=&#8221;tada&#8221; css=&#8221;.vc_custom_1548860824304{margin-top: 10px !important;margin-right: 10px !important;margin-bottom: 10px !important;margin-left: 10px !important;border-top-width: 1px !important;border-right-width: 1px !important;border-bottom-width: 1px !important;border-left-width: 1px !important;padding-top: 20px !important;padding-right: 20px !important;padding-bottom: 20px !important;padding-left: 20px !important;border-left-color: #4f4f4f !important;border-left-style: dashed !important;border-right-color: #4f4f4f !important;border-right-style: dashed !important;border-top-color: #4f4f4f !important;border-top-style: dashed !important;border-bottom-color: #4f4f4f !important;border-bottom-style: dashed !important;border-radius: 25px !important;}&#8221;][vc_column_text]<\/p>\n<h2 style=\"text-align: center;\"><strong>TESTIMONIANZA DI<br \/>\n<\/strong><\/h2>\n<h3 style=\"text-align: center;\"><strong>CEPI Spa (Italy)<\/strong><\/h3>\n<h2 style=\"text-align: center;\"><img decoding=\"async\" class=\"alignnone size-full alignright\" src=\"https:\/\/magnetense.com\/wp-content\/uploads\/2017\/06\/cepi.png\" width=\"165\" height=\"165\" \/><\/h2>\n<p><i>Purchase Manager<\/i><br \/>\n<i>ing. Luca Ceccarelli<\/i><\/p>\n<p>1. <strong>Quale prodotto avete acquistato? <\/strong><br \/>\nAbbiamo installato la prima fornitura di barre di neodimio che ci avete fornito e abbiamo riscontrato miglioramento della performance magnetica.<\/p>\n<p>2. <strong>Quale risultato avete ottenuto? <\/strong><br \/>\nVostre barre di che sono in grado di sviluppare 13.500 GAUSS a contatto con tubo ed esterno 14.250 Gauss.<\/p>\n<p>3. <strong>Ci consigliereste? <\/strong><br \/>\nSi Lo consiglio perch\u00e9 da ottime performance magnetiche.[\/vc_column_text][\/vc_column][\/vc_row][vc_row][vc_column css=&#8221;.vc_custom_1547057492302{background-color: #ffffff !important;}&#8221;][vc_column_text]<\/p>\n<h3 class=\"western\"><span style=\"font-family: Times, serif;\"><span style=\"font-size: x-large; line-height: 1.5;\"><strong><span style=\"color: #000000;\"><span style=\"font-family: Arial, sans-serif;\">PERCHE&#8217; SCEGLIERE LE NOSTRE BARRE MAGNETICHE?<\/span><\/span><\/strong><\/span><\/span><\/h3>\n<p>[\/vc_column_text][vc_column_text]<span style=\"color: #646464;\"><span style=\"font-family: Arial, sans-serif;\"><span style=\"font-size: x-large; line-height: 1.5;\">Le barre magnetiche &#8220;Ro&#8221; e &#8220;Fly&#8221; offrono performance magnetiche fino a 14.000 Gauss<\/span><\/span><\/span><\/p>\n<p><span style=\"color: #646464;\"><span style=\"font-family: Arial, sans-serif;\"><span style=\"font-size: x-large; line-height: 1.5;\">La potenza magnetica \u00e8 funzione dall&#8217;obiettivo del cliente: consigliamo sempre di fare la massima attenzione\u00a0a <strong>non acquistare barre magnetiche<\/strong>\u00a0sotto o sovradimensionati rispetto alle necessit\u00e0.<\/span><\/span><\/span><\/p>\n<p><span style=\"color: #646464;\"><span style=\"font-family: Arial, sans-serif;\"><span style=\"font-size: x-large; line-height: 1.5;\"><strong>Non si tratta di performance puramente nominali<\/strong> (come spesso capita nel settore dove molte aziende garantiscono performance magnetiche calcolate approssimativamente).<\/span><\/span><\/span><\/p>\n<p><span style=\"color: #646464;\"><span style=\"font-family: Arial, sans-serif;\"><span style=\"font-size: x-large; line-height: 1.5;\">Le performance magnetiche che offriamo (fino a 14.000 Gauss con utilizzo di neodimio di massimo grado) sono effettive e dimostrabili (<em>Calcolate a contatto con sonda nuda del gaussmetro sulla superficie della barra).\u00a0<\/em><\/span><\/span><\/span><\/p>\n<p>&nbsp;<\/p>\n<h3 class=\"western\" style=\"text-align: center;\"><span style=\"font-family: Times, serif;\"><span style=\"font-size: x-large; line-height: 1.5;\"><strong><span style=\"color: #000000;\"><span style=\"font-family: Arial, sans-serif;\">Attenzione alle parti mobili occulte. <\/span><\/span><\/strong><\/span><\/span><\/h3>\n<h3><\/h3>\n<h3 class=\"western\"><span style=\"color: #646464;\"><span style=\"font-family: Arial, sans-serif;\"><span style=\"font-size: x-large; line-height: 1.5;\">Alcune aziende propongono barre magnetiche progettate e costruite con parti mobili occulte quali: <\/span><\/span><\/span><\/h3>\n<p><span style=\"color: #646464;\"><span style=\"font-family: Arial, sans-serif;\"><span style=\"font-size: x-large; line-height: 1.5;\">1. punzonature;<br \/>\n2. saldature;<br \/>\n<\/span><\/span><\/span><span style=\"color: #646464;\"><span style=\"font-family: Arial, sans-serif;\"><span style=\"font-size: x-large; line-height: 1.5;\">3. tappi di chiusura nelle testate. <\/span><\/span><\/span><\/p>\n<p><span style=\"color: #646464;\"><span style=\"font-family: Arial, sans-serif;\"><span style=\"font-size: x-large; line-height: 1.5;\"><strong>Punzonature e saldature<\/strong> possono portare a problematiche di funzionamento: dissaldature, rottura delle barre, funzionamento sbilanciato, variazione nell&#8217;efficienza di funzionamento e fermo dell&#8217;impianto. <\/span><\/span><\/span><\/p>\n<p><span style=\"color: #646464;\"><span style=\"font-family: Arial, sans-serif;\"><span style=\"font-size: x-large; line-height: 1.5;\"><strong>I tappi di chiusura<\/strong> possono portare a seri problemi igienici a causa della sedimentazione di materia prima nelle congiunzioni e, in alcuni casi, potrebbero portare alla rottura o esplosione della barra stessa.<br \/>\n<\/span><\/span><\/span><\/p>\n<p><span style=\"color: #646464;\"><span style=\"font-family: Arial, sans-serif;\"><span style=\"font-size: x-large; line-height: 1.5;\">Magnetense propone solo barre a fusione unica, privi di punzonature, saldature e tappi di chiusura nelle testate garantendo la massima durabilit\u00e0 ed efficienza: praticamente a tempo indeterminato.<\/span><\/span><\/span>[\/vc_column_text][\/vc_column][\/vc_row][vc_row overlay=&#8221;true&#8221; overlay_color=&#8221;#bababa&#8221; top_padding=&#8221;0&#8243; bottom_padding=&#8221;0&#8243;][vc_column enable_animation=&#8221;true&#8221; animation=&#8221;tada&#8221; css=&#8221;.vc_custom_1548860861021{margin-top: 10px !important;margin-right: 10px !important;margin-bottom: 10px !important;margin-left: 10px !important;border-top-width: 1px !important;border-right-width: 1px !important;border-bottom-width: 1px !important;border-left-width: 1px !important;padding-top: 20px !important;padding-right: 20px !important;padding-bottom: 20px !important;padding-left: 20px !important;border-left-color: #4f4f4f !important;border-left-style: dashed !important;border-right-color: #4f4f4f !important;border-right-style: dashed !important;border-top-color: #4f4f4f !important;border-top-style: dashed !important;border-bottom-color: #4f4f4f !important;border-bottom-style: dashed !important;border-radius: 25px !important;}&#8221;][vc_column_text]<\/p>\n<h2 style=\"text-align: center;\"><strong>TESTIMONIANZA DI<br \/>\n<\/strong><\/h2>\n<h3 style=\"text-align: center;\">AUTEFA SOLUTIONS<\/h3>\n<h2 style=\"text-align: center;\"><\/h2>\n<p><i>Manager Head of Technical Department<img decoding=\"async\" class=\"alignright size-full\" src=\"https:\/\/magnetense.com\/wp-content\/uploads\/2017\/06\/autera.png\" width=\"165\" height=\"165\" \/><br \/>\n<\/i><\/p>\n<p><i>Mr. Valter Garbi<\/i><\/p>\n<p>1. <strong>Qual era il problema?<\/strong><br \/>\nNon avevamo problemi particolari; scopo del cambio di fornitore \u00e8 stata la possibilit\u00e0 di riduzione sui costi di approvvigionamento.<\/p>\n<p>2. <strong>Quale prodotto avete acquistato?<\/strong><br \/>\nBarra magnetica per ns. caricatori<\/p>\n<p>3. <strong>Quale risultato avete ottenuto?<\/strong><br \/>\nDopo prova tecnica comparativa abbiamo riscontrato sul Vs. prodotto una maggior efficienza del magnete.<\/p>\n<p>4. <strong>Ci consigliereste?<\/strong><br \/>\nS\u00ec.[\/vc_column_text][\/vc_column][\/vc_row][vc_row][vc_column][vc_row_inner][vc_column_inner width=&#8221;1\/3&#8243; enable_animation=&#8221;true&#8221; animation=&#8221;flash&#8221;][vc_single_image image=&#8221;1291&#8243; img_size=&#8221;&#8221; alignment=&#8221;center&#8221;][vc_column_text]<\/p>\n<h3 style=\"text-align: center;\">Fino a 14.000 Gauss a contatto (verificabili)<\/h3>\n<p>[\/vc_column_text][\/vc_column_inner][vc_column_inner width=&#8221;1\/3&#8243; enable_animation=&#8221;true&#8221; animation=&#8221;flash&#8221; delay=&#8221;1&#8243;][vc_single_image image=&#8221;1294&#8243; img_size=&#8221;&#8221; alignment=&#8221;center&#8221;][vc_column_text]<\/p>\n<h3 style=\"text-align: center;\">Modelli &#8220;Ro&#8221; e &#8220;Fly&#8221; a Fusione unica<\/h3>\n<p>[\/vc_column_text][\/vc_column_inner][vc_column_inner width=&#8221;1\/3&#8243; enable_animation=&#8221;true&#8221; animation=&#8221;flash&#8221; delay=&#8221;2&#8243;][vc_single_image image=&#8221;1300&#8243; img_size=&#8221;&#8221; alignment=&#8221;center&#8221;][vc_column_text]<\/p>\n<h3 style=\"text-align: center;\">Resistenza all&#8217;usura superiore rispetto a una candela con parti mobili occulte<\/h3>\n<p>[\/vc_column_text][\/vc_column_inner][\/vc_row_inner][vc_row_inner equal_height=&#8221;yes&#8221; css=&#8221;.vc_custom_1548861083348{padding-bottom: 50px !important;}&#8221;][vc_column_inner width=&#8221;1\/2&#8243; css=&#8221;.vc_custom_1547059916637{background-color: #2b2b2b !important;}&#8221;][vc_column_text]<strong><span style=\"color: #e8ca20;\"><span style=\"font-family: Arial, sans-serif;\"><span style=\"font-size: xx-large; line-height: 1.5;\"><span style=\"font-size: x-large;\">BARRA MAGNETICA MODELLO &#8220;RO&#8221;<\/span><\/span><\/span><\/span><\/strong><\/p>\n<p><span style=\"color: #ffffff;\"><span style=\"font-family: Arial, sans-serif;\"><span style=\"font-size: xx-large; line-height: 1.5;\"><span style=\"font-size: x-large;\">Il nostro modello &#8220;RO&#8221; garantisce una potenza magnetica dai 6.500 ai 12.000 in funzione della necessit\u00e0 e dal target del cliente per la separazione (in termini di <b>\u00b5m<\/b>).<\/span><\/span><\/span><\/span><\/p>\n<p>&nbsp;<\/p>\n<p><img loading=\"lazy\" decoding=\"async\" class=\"aligncenter wp-image-1396 size-full\" src=\"https:\/\/magnetense.com\/wp-content\/uploads\/2019\/01\/Potenza-magnetica-barre-RO.png\" alt=\"\" width=\"888\" height=\"662\" srcset=\"https:\/\/magnetense.com\/wp-content\/uploads\/2019\/01\/Potenza-magnetica-barre-RO.png 888w, https:\/\/magnetense.com\/wp-content\/uploads\/2019\/01\/Potenza-magnetica-barre-RO-300x224.png 300w, https:\/\/magnetense.com\/wp-content\/uploads\/2019\/01\/Potenza-magnetica-barre-RO-300x224@2x.png 600w\" sizes=\"(max-width: 888px) 100vw, 888px\" \/>[\/vc_column_text][\/vc_column_inner][vc_column_inner width=&#8221;1\/2&#8243; css=&#8221;.vc_custom_1547060011665{background-color: #2b2b2b !important;}&#8221;][vc_column_text css_animation=&#8221;right-to-left&#8221;]<\/p>\n<p>&nbsp;<\/p>\n<p><img loading=\"lazy\" decoding=\"async\" class=\"aligncenter wp-image-1390 size-full\" src=\"https:\/\/magnetense.com\/wp-content\/uploads\/2019\/01\/Barra-Magnetica-RO-1.png\" alt=\"\" width=\"530\" height=\"551\" srcset=\"https:\/\/magnetense.com\/wp-content\/uploads\/2019\/01\/Barra-Magnetica-RO-1.png 530w, https:\/\/magnetense.com\/wp-content\/uploads\/2019\/01\/Barra-Magnetica-RO-1-289x300.png 289w\" sizes=\"(max-width: 530px) 100vw, 530px\" \/><\/p>\n<p>[\/vc_column_text][\/vc_column_inner][\/vc_row_inner][vc_row_inner equal_height=&#8221;yes&#8221;][vc_column_inner width=&#8221;1\/2&#8243; css=&#8221;.vc_custom_1547059916637{background-color: #2b2b2b !important;}&#8221;][vc_column_text]<strong><span style=\"color: #e8ca20;\"><span style=\"font-family: Arial, sans-serif;\"><span style=\"font-size: xx-large; line-height: 1.5;\"><span style=\"font-size: x-large;\">BARRA MAGNETICA MODELLO &#8220;FLY&#8221;<\/span><\/span><\/span><\/span><\/strong><\/p>\n<p><span style=\"font-family: Times, serif; color: #ffffff;\"><span style=\"font-size: x-large; line-height: 1.5;\"><span style=\"font-family: Arial, sans-serif;\">La barra magnetica &#8220;Fly&#8221; \u00e8 senza ombra di dubbio il nostro modello pi\u00f9 potente (ed una delle candele magnetiche pi\u00f9 efficienti sul mercato internazionale). Consente un&#8217;eccezionale separazione magnetica (oltre i 14.000 Gauss) che gli consente di ghermire particelle della dimensione di 1,5 micron.<\/span><\/span><\/span><\/p>\n<p><img loading=\"lazy\" decoding=\"async\" class=\"aligncenter wp-image-1402 size-full\" src=\"https:\/\/magnetense.com\/wp-content\/uploads\/2019\/01\/Potenza-barra-magnetica-fly.png\" alt=\"\" width=\"888\" height=\"667\" srcset=\"https:\/\/magnetense.com\/wp-content\/uploads\/2019\/01\/Potenza-barra-magnetica-fly.png 888w, https:\/\/magnetense.com\/wp-content\/uploads\/2019\/01\/Potenza-barra-magnetica-fly-300x225.png 300w, https:\/\/magnetense.com\/wp-content\/uploads\/2019\/01\/Potenza-barra-magnetica-fly-627x470.png 627w, https:\/\/magnetense.com\/wp-content\/uploads\/2019\/01\/Potenza-barra-magnetica-fly-300x225@2x.png 600w\" sizes=\"(max-width: 888px) 100vw, 888px\" \/>[\/vc_column_text][\/vc_column_inner][vc_column_inner width=&#8221;1\/2&#8243; css=&#8221;.vc_custom_1547060011665{background-color: #2b2b2b !important;}&#8221;][vc_column_text css_animation=&#8221;right-to-left&#8221;]<\/p>\n<p><img loading=\"lazy\" decoding=\"async\" class=\"aligncenter size-full wp-image-1399\" src=\"https:\/\/magnetense.com\/wp-content\/uploads\/2019\/01\/Barra-magnetica-Fly-1-e1548088134481.jpg\" alt=\"\" width=\"1001\" height=\"1334\" srcset=\"https:\/\/magnetense.com\/wp-content\/uploads\/2019\/01\/Barra-magnetica-Fly-1-e1548088134481.jpg 1001w, https:\/\/magnetense.com\/wp-content\/uploads\/2019\/01\/Barra-magnetica-Fly-1-e1548088134481-225x300.jpg 225w, https:\/\/magnetense.com\/wp-content\/uploads\/2019\/01\/Barra-magnetica-Fly-1-e1548088134481-768x1023.jpg 768w\" sizes=\"(max-width: 1001px) 100vw, 1001px\" \/>[\/vc_column_text][\/vc_column_inner][\/vc_row_inner][\/vc_column][\/vc_row][vc_row overlay=&#8221;true&#8221; overlay_color=&#8221;#bababa&#8221; top_padding=&#8221;0&#8243; bottom_padding=&#8221;0&#8243;][vc_column enable_animation=&#8221;true&#8221; animation=&#8221;tada&#8221; css=&#8221;.vc_custom_1548860886033{margin-top: 10px !important;margin-right: 10px !important;margin-bottom: 10px !important;margin-left: 10px !important;border-top-width: 1px !important;border-right-width: 1px !important;border-bottom-width: 1px !important;border-left-width: 1px !important;padding-top: 20px !important;padding-right: 20px !important;padding-bottom: 20px !important;padding-left: 20px !important;border-left-color: #4f4f4f !important;border-left-style: dashed !important;border-right-color: #4f4f4f !important;border-right-style: dashed !important;border-top-color: #4f4f4f !important;border-top-style: dashed !important;border-bottom-color: #4f4f4f !important;border-bottom-style: dashed !important;border-radius: 25px !important;}&#8221;][vc_column_text]<\/p>\n<h2 style=\"text-align: center;\"><strong>TESTIMONIANZA DI<br \/>\n<\/strong><\/h2>\n<h3 style=\"text-align: center;\">Beccaria S.R.L.<\/h3>\n<h2 style=\"text-align: center;\"><\/h2>\n<p><i>Manager Head of Technical Department<img loading=\"lazy\" decoding=\"async\" class=\"alignright size-full\" src=\"https:\/\/magnetense.com\/wp-content\/uploads\/2017\/12\/logo.png\" width=\"220\" height=\"100\" \/><br \/>\n<\/i><\/p>\n<p><i>Purchase Manager<\/i><br \/>\n<i>Sig. Paolo Massano<\/i><\/p>\n<p>1. <strong>Qual era il problema?<\/strong><br \/>\nDeferizzare alimentatori per mulini.<\/p>\n<p>2. <strong>Quale prodotto avete acquistato?<\/strong><br \/>\nCandelotti in neodimio o ferrite \u00d8 32 lunghezza 200.<\/p>\n<p>3. <strong>Quale risultato avete ottenuto?<\/strong><br \/>\nQuello desiderato.<\/p>\n<p>4. <strong>Ci consigliereste?<\/strong><br \/>\nS\u00ec.[\/vc_column_text][\/vc_column][\/vc_row][vc_row][vc_column css=&#8221;.vc_custom_1547060658525{background-color: #1e73be !important;border-radius: 1px !important;}&#8221;][vc_column_text]<\/p>\n<h3 class=\"western\" style=\"text-align: center;\"><span style=\"font-size: x-large; line-height: 1.5; color: #ffffff;\"><strong><span style=\"font-family: Arial, sans-serif; font-size: x-large;\">Come acquistare i\u00a0<span style=\"caret-color: #000000;\">nostri sistemi di separazione<\/span>\u00a0magnetica?<\/span><\/strong><\/span><\/h3>\n<p style=\"text-align: center;\"><span style=\"font-family: Arial, sans-serif; color: #ffffff;\"><span style=\"font-size: x-large; line-height: 1.5;\">Per entrare in contatto con Magnetense per approfondire le Vostre specifiche esigenze\u00a0(specificate di averci trovato nella giornata di oggi su questi sito per ottenere alcune agevolazioni) e valutare la migliore opzione per voi potete:<\/span><\/span><\/p>\n<ul>\n<li style=\"text-align: center;\"><span style=\"font-family: Arial, sans-serif; color: #ffffff;\"><span style=\"font-size: x-large; line-height: 1.5;\">Telefonare al <strong>015 95 55 439\u00a0<\/strong><\/span><\/span><\/li>\n<li style=\"text-align: center;\"><span style=\"font-family: Arial, sans-serif; color: #ffffff;\"><span style=\"font-size: x-large; line-height: 1.5;\">Utilizzare la <strong>chat<\/strong> che trovate qui a lato\u00a0<\/span><\/span><\/li>\n<li style=\"text-align: center;\"><span style=\"font-family: Arial, sans-serif; color: #ffffff;\"><span style=\"font-size: x-large; line-height: 1.5;\">Usare il form di contatto:<\/span><\/span><\/li>\n<\/ul>\n<p>[\/vc_column_text][\/vc_column][\/vc_row][vc_row][vc_column css=&#8221;.vc_custom_1547060936545{background-color: #ffffff !important;border-radius: 4px !important;}&#8221;][vc_column_text]<\/p>\n<h3 class=\"western\" style=\"text-align: center;\"><span style=\"font-family: Times, serif;\"><span style=\"font-size: x-large; line-height: 1.5;\"><strong><span style=\"color: #000000;\"><span style=\"font-family: Arial, sans-serif;\">MODULO DI CONTATTO<\/span><\/span><\/strong><\/span><\/span><\/h3>\n<p>[\/vc_column_text][\/vc_column][\/vc_row][vc_row][vc_column][vc_raw_html]JTNDZGl2JTIwY2xhc3MlM0QlMjJBVy1Gb3JtLTEwMTYzMzQ4OTQlMjIlM0UlM0MlMkZkaXYlM0UlMEElM0NzY3JpcHQlMjB0eXBlJTNEJTIydGV4dCUyRmphdmFzY3JpcHQlMjIlM0UlMjhmdW5jdGlvbiUyOGQlMkMlMjBzJTJDJTIwaWQlMjklMjAlN0IlMEElMjAlMjAlMjAlMjB2YXIlMjBqcyUyQyUyMGZqcyUyMCUzRCUyMGQuZ2V0RWxlbWVudHNCeVRhZ05hbWUlMjhzJTI5JTVCMCU1RCUzQiUwQSUyMCUyMCUyMCUyMGlmJTIwJTI4ZC5nZXRFbGVtZW50QnlJZCUyOGlkJTI5JTI5JTIwcmV0dXJuJTNCJTBBJTIwJTIwJTIwJTIwanMlMjAlM0QlMjBkLmNyZWF0ZUVsZW1lbnQlMjhzJTI5JTNCJTIwanMuaWQlMjAlM0QlMjBpZCUzQiUwQSUyMCUyMCUyMCUyMGpzLnNyYyUyMCUzRCUyMCUyMiUyRiUyRmZvcm1zLmF3ZWJlci5jb20lMkZmb3JtJTJGOTQlMkYxMDE2MzM0ODk0LmpzJTIyJTNCJTBBJTIwJTIwJTIwJTIwZmpzLnBhcmVudE5vZGUuaW5zZXJ0QmVmb3JlJTI4anMlMkMlMjBmanMlMjklM0IlMEElMjAlMjAlMjAlMjAlN0QlMjhkb2N1bWVudCUyQyUyMCUyMnNjcmlwdCUyMiUyQyUyMCUyMmF3ZWJlci13anMtbjRkZm14Nnd2JTIyJTI5JTI5JTNCJTBBJTNDJTJGc2NyaXB0JTNF[\/vc_raw_html][\/vc_column][\/vc_row][vc_row overlay=&#8221;true&#8221; overlay_color=&#8221;#bababa&#8221; top_padding=&#8221;0&#8243; bottom_padding=&#8221;0&#8243;][vc_column enable_animation=&#8221;true&#8221; animation=&#8221;tada&#8221; css=&#8221;.vc_custom_1548860904646{margin-top: 10px !important;margin-right: 10px !important;margin-bottom: 10px !important;margin-left: 10px !important;border-top-width: 1px !important;border-right-width: 1px !important;border-bottom-width: 1px !important;border-left-width: 1px !important;padding-top: 20px !important;padding-right: 20px !important;padding-bottom: 20px !important;padding-left: 20px !important;border-left-color: #4f4f4f !important;border-left-style: dashed !important;border-right-color: #4f4f4f !important;border-right-style: dashed !important;border-top-color: #4f4f4f !important;border-top-style: dashed !important;border-bottom-color: #4f4f4f !important;border-bottom-style: dashed !important;border-radius: 25px !important;}&#8221;][vc_column_text]<\/p>\n<h2 style=\"text-align: center;\"><strong>TESTIMONIANZA DI<br \/>\n<\/strong><\/h2>\n<h3 style=\"text-align: center;\">MOLITECNICA SUD S.N.C.<\/h3>\n<h2 style=\"text-align: center;\"><\/h2>\n<p><i>Manager Head of Technical Department<img loading=\"lazy\" decoding=\"async\" class=\"alignright size-full\" src=\"https:\/\/magnetense.com\/wp-content\/uploads\/2017\/06\/molitecnica.png\" width=\"165\" height=\"165\" \/><br \/>\n<\/i><\/p>\n<p><i>Engineering Departure<\/i><\/p>\n<p><i>Mr. Vito Lomorno<\/i><\/p>\n<p>1. <strong>Qual era il problema?<\/strong><br \/>\nNon avevamo una buona separazione del ferro.<\/p>\n<p>2. <strong>Quale prodotto avete acquistato?<\/strong><br \/>\nCandelotti magnetici e anelli al neodimio.<\/p>\n<p>3. <strong>Quale risultato avete ottenuto?<\/strong><br \/>\nUn aumento considerevole della separazione magnetica, con la conseguente soddisfazione dei nostri clienti.<\/p>\n<p>4. <strong>Ci consigliereste?<\/strong><br \/>\nConsigliato per la competenza tecnica e per la gentilezza.[\/vc_column_text][\/vc_column][\/vc_row][vc_row][vc_column][\/vc_column][\/vc_row]<\/p>\n<\/section>","protected":false},"excerpt":{"rendered":"<p>[vc_row][vc_column enable_animation=&#8221;true&#8221; animation=&#8221;pulse&#8221;][vc_column_text][\/vc_column_text][\/vc_column][\/vc_row][vc_row][vc_column][vc_column_text] Barre magnetiche per la separazione magnetica: i nostri modelli &#8220;Ro&#8221; (da 6.500 a 12.000 Gauss) e i nostri modelli &#8220;Fly&#8221; (fino a 14.000 Gauss: fra le\u00a0candele magnetiche pi\u00f9 potenti sul mercato) sono realizzati in neodimio ad altissimo grado con una struttura meccanica a fusione unica e priva di parti mobili occulte. &nbsp; &hellip;<\/p>\n<p class=\"read-more\"> <a class=\"\" href=\"https:\/\/magnetense.com\/it\/barre-magnetiche\/\"> <span class=\"screen-reader-text\">Barre magnetiche<\/span> Leggi altro &raquo;<\/a><\/p>\n","protected":false},"author":1,"featured_media":0,"parent":0,"menu_order":0,"comment_status":"closed","ping_status":"closed","template":"","meta":{"footnotes":"","_joinchat":[]},"_links":{"self":[{"href":"https:\/\/magnetense.com\/it\/wp-json\/wp\/v2\/pages\/1382\/"}],"collection":[{"href":"https:\/\/magnetense.com\/it\/wp-json\/wp\/v2\/pages\/"}],"about":[{"href":"https:\/\/magnetense.com\/it\/wp-json\/wp\/v2\/types\/page\/"}],"author":[{"embeddable":true,"href":"https:\/\/magnetense.com\/it\/wp-json\/wp\/v2\/users\/1\/"}],"replies":[{"embeddable":true,"href":"https:\/\/magnetense.com\/it\/wp-json\/wp\/v2\/comments\/?post=1382"}],"version-history":[{"count":32,"href":"https:\/\/magnetense.com\/it\/wp-json\/wp\/v2\/pages\/1382\/revisions\/"}],"predecessor-version":[{"id":4178,"href":"https:\/\/magnetense.com\/it\/wp-json\/wp\/v2\/pages\/1382\/revisions\/4178\/"}],"wp:attachment":[{"href":"https:\/\/magnetense.com\/it\/wp-json\/wp\/v2\/media\/?parent=1382"}],"curies":[{"name":"wp","href":"https:\/\/api.w.org\/{rel}","templated":true}]}}